{"id":157,"date":"2026-03-23T13:18:05","date_gmt":"2026-03-23T12:18:05","guid":{"rendered":"https:\/\/site25.monsitecommeunpro.fr\/?page_id=157"},"modified":"2026-04-13T10:51:54","modified_gmt":"2026-04-13T08:51:54","slug":"sejour-aux-gorges-du-verdon","status":"publish","type":"page","link":"https:\/\/site25.monsitecommeunpro.fr\/?page_id=157","title":{"rendered":"S\u00e9jour aux Gorges"},"content":{"rendered":"\n<p>Offrez-vous une parenth\u00e8se de d\u00e9tente et de ressourcement au c\u0153ur des magnifiques Gorges du Verdon. Pendant 4 jours, profitez d\u2019un cadre naturel exceptionnel pour vous relaxer, vous reconnecter \u00e0 vous-m\u00eame et vous \u00e9vader du quotidien.<\/p>\n\n\n\n<p>Ce s\u00e9jour allie nature, balades douces et moments de bien-\u00eatre (massage, relaxation, repos). \ud83c\udf38\ud83e\uddd8\u200d\u2640\ufe0f<\/p>\n\n\n\n<p>&#8211;<\/p>\n\n\n\n<p><strong>\ud83d\udcc6Dates du s\u00e9jour<\/strong><\/p>\n\n\n\n<p>Du jeudi 14 mai au dimanche 17 mai<\/p>\n\n\n\n<p>&#8211;<\/p>\n\n\n\n<p><strong>\ud83c\udf38 Programme du s\u00e9jour<\/strong><\/p>\n\n\n\n<p>Durant ces 4 jours, vous pourrez profiter de :<\/p>\n\n\n\n<ul class=\"wp-block-list\">\n<li>Balades accessibles dans les Gorges du Verdon<\/li>\n\n\n\n<li>S\u00e9ances de relaxation<\/li>\n\n\n\n<li>Moments de d\u00e9tente en pleine nature<\/li>\n\n\n\n<li>Massages bien-\u00eatre propos\u00e9s sur place<\/li>\n\n\n\n<li>Temps libre pour se reposer et profiter du cadre<\/li>\n<\/ul>\n\n\n\n<p>&#8211; <\/p>\n\n\n\n<p><strong>\ud83c\udf3f Les parcours propos\u00e9s<\/strong><\/p>\n\n\n\n<p><strong>Des balades adapt\u00e9es \u00e0 tous les niveaux :<\/strong><\/p>\n\n\n\n<p>\ud83d\udcaaExpert : Sentier de l&rsquo;Imbut Le sentier de l&rsquo;Imbut, situ\u00e9 au c\u0153ur des Gorges du Verdon, est l&rsquo;un des parcours les plus connus du canyon. Son nom vient d&rsquo;un mot proven\u00e7al signifiant \u00ab entonnoir \u00bb, en r\u00e9f\u00e9rence \u00e0 l&rsquo;\u00e9troitesse extr\u00eame de la gorge o\u00f9 la rivi\u00e8re dispara\u00eet parfois sous les blocs rocheux. Le chemin d\u00e9bute en g\u00e9n\u00e9ral au parking des Cavaliers, d&rsquo;o\u00f9 l&rsquo;on descend vers le Verdon avant de longer la rive gauche sur un itin\u00e9raire sauvage, encaiss\u00e9 et tr\u00e8s min\u00e9ral.<\/p>\n\n\n\n<p><\/p>\n\n\n\n<p>\u270c\ufe0fD\u00e9butant : Sentier Blanc Martel II relie le Chalet de la Maline (pr\u00e8s de La Palud-sur-Verdon) au Point Sublime (ou au village de Rougon selon l&rsquo;option) : c&rsquo;est un aller simple d&rsquo;environ 15 \u00e0 16 km. L&rsquo;acc\u00e8s s&rsquo;effectue depuis La Palud-sur-Verdon, via le Chalet de la Maline &#8211; en voiture ou en navette (navette assur\u00e9e d&rsquo;avril \u00e0 novembre). Ce sentier s&rsquo;enfonce dans le canyon, alternant falaises, tunnels, passages \u00e9troits, escaliers: il fournit un acc\u00e8s direct spectaculaire au Verdon.<\/p>\n\n\n\n<p><\/p>\n\n\n\n<p>\ud83e\udef0Loisir : Sentier Vidal Le Sentier Vidal est une voie d&rsquo;acc\u00e8s \/ de sortie du canyon du Verdon, qui rejoint le Sentier de l&rsquo;Imbut. Ce sentier porte le nom d&rsquo;un ing\u00e9nieur fran\u00e7ais ayant travaill\u00e9 aux am\u00e9nagements hydrologiques des Gorges au d\u00e9but du XX \u00e8me si\u00e8cle. Historiquement, il aurait probablement \u00e9t\u00e9 utilis\u00e9 comme voie de secours pour acc\u00e9der aux zones de travail en cas d&rsquo;accident.<\/p>\n\n\n\n<p>&#8211;<\/p>\n\n\n\n<p><strong>\ud83c\udf92 Organisation et mat\u00e9riel<\/strong><\/p>\n\n\n\n<p>Pour votre confort, nous vous conseillons de pr\u00e9voir :<\/p>\n\n\n\n<ul class=\"wp-block-list\">\n<li>Tenue confortable<\/li>\n\n\n\n<li>Chaussures adapt\u00e9es \u00e0 la marche<\/li>\n\n\n\n<li>Eau;<\/li>\n\n\n\n<li>Cr\u00e8me solaire<\/li>\n\n\n\n<li>Serviette pour les moments de d\u00e9tente \/ massage<\/li>\n<\/ul>\n\n\n\n<p>&#8211;<\/p>\n\n\n\n<p><strong>\ud83d\udce5 Inscription<\/strong><\/p>\n\n\n\n<p>T\u00e9l\u00e9chargez et compl\u00e9tez le bulletin d\u2019inscription :<\/p>\n\n\n\n<p><\/p>\n\n\n\n<div class=\"wp-block-file\"><a id=\"wp-block-file--media-96aa1405-c72a-4159-a0b0-57729e13302e\" href=\"https:\/\/site25.monsitecommeunpro.fr\/wp-content\/uploads\/2026\/03\/bulletin-dinscription-2.pdf\">bulletin d&rsquo;inscription<\/a><a href=\"https:\/\/site25.monsitecommeunpro.fr\/wp-content\/uploads\/2026\/03\/bulletin-dinscription-2.pdf\" class=\"wp-block-file__button wp-element-button\" download aria-describedby=\"wp-block-file--media-96aa1405-c72a-4159-a0b0-57729e13302e\">T\u00e9l\u00e9charger<\/a><\/div>\n\n\n\n<p><strong>\u26a0\ufe0f Information importante<\/strong><\/p>\n\n\n\n<p>\u2755Votre centre de bien-\u00eatre sera exceptionnellement ferm\u00e9 pendant la dur\u00e9e du s\u00e9jour.\u2755<\/p>\n\n\n\n<figure class=\"wp-block-gallery has-nested-images columns-default is-cropped wp-block-gallery-1 is-layout-flex wp-block-gallery-is-layout-flex\">\n<figure class=\"wp-block-image size-large\"><img loading=\"lazy\" decoding=\"async\" width=\"259\" height=\"194\" data-id=\"190\" src=\"https:\/\/site25.monsitecommeunpro.fr\/wp-content\/uploads\/2026\/03\/IMG_0567.jpeg\" alt=\"\" class=\"wp-image-190\"\/><\/figure>\n\n\n\n<figure class=\"wp-block-image size-large\"><img loading=\"lazy\" decoding=\"async\" width=\"273\" height=\"185\" data-id=\"186\" src=\"https:\/\/site25.monsitecommeunpro.fr\/wp-content\/uploads\/2026\/03\/IMG_0566.jpeg\" alt=\"\" class=\"wp-image-186\"\/><\/figure>\n\n\n\n<figure class=\"wp-block-image size-large\"><img loading=\"lazy\" decoding=\"async\" width=\"272\" height=\"185\" data-id=\"189\" src=\"https:\/\/site25.monsitecommeunpro.fr\/wp-content\/uploads\/2026\/03\/IMG_0565.jpeg\" alt=\"\" class=\"wp-image-189\"\/><\/figure>\n\n\n\n<figure class=\"wp-block-image size-large\"><img loading=\"lazy\" decoding=\"async\" width=\"201\" height=\"251\" data-id=\"187\" src=\"https:\/\/site25.monsitecommeunpro.fr\/wp-content\/uploads\/2026\/03\/IMG_0564.jpeg\" alt=\"\" class=\"wp-image-187\"\/><\/figure>\n\n\n\n<figure class=\"wp-block-image size-large\"><img loading=\"lazy\" decoding=\"async\" width=\"266\" height=\"190\" data-id=\"188\" src=\"https:\/\/site25.monsitecommeunpro.fr\/wp-content\/uploads\/2026\/03\/IMG_0563.jpeg\" alt=\"\" class=\"wp-image-188\"\/><\/figure>\n\n\n\n<figure class=\"wp-block-image size-large\"><img loading=\"lazy\" decoding=\"async\" width=\"198\" height=\"255\" data-id=\"193\" src=\"https:\/\/site25.monsitecommeunpro.fr\/wp-content\/uploads\/2026\/03\/IMG_0568.jpeg\" alt=\"\" class=\"wp-image-193\"\/><\/figure>\n<\/figure>\n\n\n\n<p><\/p>\n","protected":false},"excerpt":{"rendered":"<p>Offrez-vous une parenth\u00e8se de d\u00e9tente et de ressourcement au c\u0153ur des magnifiques Gorges du Verdon. Pendant 4 jours, profitez d\u2019un [&hellip;]<\/p>\n","protected":false},"author":1,"featured_media":0,"parent":0,"menu_order":0,"comment_status":"closed","ping_status":"closed","template":"","meta":{"_uag_custom_page_level_css":"","site-sidebar-layout":"default","site-content-layout":"","ast-site-content-layout":"default","site-content-style":"default","site-sidebar-style":"default","ast-global-header-display":"","ast-banner-title-visibility":"","ast-main-header-display":"","ast-hfb-above-header-display":"","ast-hfb-below-header-display":"","ast-hfb-mobile-header-display":"","site-post-title":"","ast-breadcrumbs-content":"","ast-featured-img":"","footer-sml-layout":"","theme-transparent-header-meta":"","adv-header-id-meta":"","stick-header-meta":"","header-above-stick-meta":"","header-main-stick-meta":"","header-below-stick-meta":"","astra-migrate-meta-layouts":"default","ast-page-background-enabled":"default","ast-page-background-meta":{"desktop":{"background-color":"var(--ast-global-color-5)","background-image":"","background-repeat":"repeat","background-position":"center center","background-size":"auto","background-attachment":"scroll","background-type":"","background-media":"","overlay-type":"","overlay-color":"","overlay-opacity":"","overlay-gradient":""},"tablet":{"background-color":"","background-image":"","background-repeat":"repeat","background-position":"center center","background-size":"auto","background-attachment":"scroll","background-type":"","background-media":"","overlay-type":"","overlay-color":"","overlay-opacity":"","overlay-gradient":""},"mobile":{"background-color":"","background-image":"","background-repeat":"repeat","background-position":"center center","background-size":"auto","background-attachment":"scroll","background-type":"","background-media":"","overlay-type":"","overlay-color":"","overlay-opacity":"","overlay-gradient":""}},"ast-content-background-meta":{"desktop":{"background-color":"var(--ast-global-color-4)","background-image":"","background-repeat":"repeat","background-position":"center center","background-size":"auto","background-attachment":"scroll","background-type":"","background-media":"","overlay-type":"","overlay-color":"","overlay-opacity":"","overlay-gradient":""},"tablet":{"background-color":"var(--ast-global-color-4)","background-image":"","background-repeat":"repeat","background-position":"center center","background-size":"auto","background-attachment":"scroll","background-type":"","background-media":"","overlay-type":"","overlay-color":"","overlay-opacity":"","overlay-gradient":""},"mobile":{"background-color":"var(--ast-global-color-4)","background-image":"","background-repeat":"repeat","background-position":"center center","background-size":"auto","background-attachment":"scroll","background-type":"","background-media":"","overlay-type":"","overlay-color":"","overlay-opacity":"","overlay-gradient":""}},"footnotes":""},"class_list":["post-157","page","type-page","status-publish","hentry"],"yoast_head":"<!-- This site is optimized with the Yoast SEO plugin v27.0 - https:\/\/yoast.com\/product\/yoast-seo-wordpress\/ -->\n<title>S\u00e9jour aux Gorges -<\/title>\n<meta name=\"robots\" content=\"index, follow, max-snippet:-1, max-image-preview:large, max-video-preview:-1\" \/>\n<link rel=\"canonical\" href=\"https:\/\/site25.monsitecommeunpro.fr\/?page_id=157\" \/>\n<meta property=\"og:locale\" content=\"fr_FR\" \/>\n<meta property=\"og:type\" content=\"article\" \/>\n<meta property=\"og:title\" content=\"S\u00e9jour aux Gorges -\" \/>\n<meta property=\"og:description\" content=\"Offrez-vous une parenth\u00e8se de d\u00e9tente et de ressourcement au c\u0153ur des magnifiques Gorges du Verdon. Pendant 4 jours, profitez d\u2019un [&hellip;]\" \/>\n<meta property=\"og:url\" content=\"https:\/\/site25.monsitecommeunpro.fr\/?page_id=157\" \/>\n<meta property=\"article:modified_time\" content=\"2026-04-13T08:51:54+00:00\" \/>\n<meta property=\"og:image\" content=\"https:\/\/site25.monsitecommeunpro.fr\/wp-content\/uploads\/2026\/03\/IMG_0567.jpeg\" \/>\n\t<meta property=\"og:image:width\" content=\"259\" \/>\n\t<meta property=\"og:image:height\" content=\"194\" \/>\n\t<meta property=\"og:image:type\" content=\"image\/jpeg\" \/>\n<meta name=\"twitter:card\" content=\"summary_large_image\" \/>\n<meta name=\"twitter:label1\" content=\"Dur\u00e9e de lecture estim\u00e9e\" \/>\n\t<meta name=\"twitter:data1\" content=\"2 minutes\" \/>\n<script type=\"application\/ld+json\" class=\"yoast-schema-graph\">{\"@context\":\"https:\/\/schema.org\",\"@graph\":[{\"@type\":\"WebPage\",\"@id\":\"https:\/\/site25.monsitecommeunpro.fr\/?page_id=157\",\"url\":\"https:\/\/site25.monsitecommeunpro.fr\/?page_id=157\",\"name\":\"S\u00e9jour aux Gorges -\",\"isPartOf\":{\"@id\":\"https:\/\/site25.monsitecommeunpro.fr\/#website\"},\"primaryImageOfPage\":{\"@id\":\"https:\/\/site25.monsitecommeunpro.fr\/?page_id=157#primaryimage\"},\"image\":{\"@id\":\"https:\/\/site25.monsitecommeunpro.fr\/?page_id=157#primaryimage\"},\"thumbnailUrl\":\"https:\/\/site25.monsitecommeunpro.fr\/wp-content\/uploads\/2026\/03\/IMG_0567.jpeg\",\"datePublished\":\"2026-03-23T12:18:05+00:00\",\"dateModified\":\"2026-04-13T08:51:54+00:00\",\"breadcrumb\":{\"@id\":\"https:\/\/site25.monsitecommeunpro.fr\/?page_id=157#breadcrumb\"},\"inLanguage\":\"fr-FR\",\"potentialAction\":[{\"@type\":\"ReadAction\",\"target\":[\"https:\/\/site25.monsitecommeunpro.fr\/?page_id=157\"]}]},{\"@type\":\"ImageObject\",\"inLanguage\":\"fr-FR\",\"@id\":\"https:\/\/site25.monsitecommeunpro.fr\/?page_id=157#primaryimage\",\"url\":\"https:\/\/site25.monsitecommeunpro.fr\/wp-content\/uploads\/2026\/03\/IMG_0567.jpeg\",\"contentUrl\":\"https:\/\/site25.monsitecommeunpro.fr\/wp-content\/uploads\/2026\/03\/IMG_0567.jpeg\",\"width\":259,\"height\":194},{\"@type\":\"BreadcrumbList\",\"@id\":\"https:\/\/site25.monsitecommeunpro.fr\/?page_id=157#breadcrumb\",\"itemListElement\":[{\"@type\":\"ListItem\",\"position\":1,\"name\":\"Accueil\",\"item\":\"https:\/\/site25.monsitecommeunpro.fr\/\"},{\"@type\":\"ListItem\",\"position\":2,\"name\":\"S\u00e9jour aux Gorges\"}]},{\"@type\":\"WebSite\",\"@id\":\"https:\/\/site25.monsitecommeunpro.fr\/#website\",\"url\":\"https:\/\/site25.monsitecommeunpro.fr\/\",\"name\":\"\",\"description\":\"\",\"potentialAction\":[{\"@type\":\"SearchAction\",\"target\":{\"@type\":\"EntryPoint\",\"urlTemplate\":\"https:\/\/site25.monsitecommeunpro.fr\/?s={search_term_string}\"},\"query-input\":{\"@type\":\"PropertyValueSpecification\",\"valueRequired\":true,\"valueName\":\"search_term_string\"}}],\"inLanguage\":\"fr-FR\"}]}<\/script>\n<!-- \/ Yoast SEO plugin. -->","yoast_head_json":{"title":"S\u00e9jour aux Gorges -","robots":{"index":"index","follow":"follow","max-snippet":"max-snippet:-1","max-image-preview":"max-image-preview:large","max-video-preview":"max-video-preview:-1"},"canonical":"https:\/\/site25.monsitecommeunpro.fr\/?page_id=157","og_locale":"fr_FR","og_type":"article","og_title":"S\u00e9jour aux Gorges -","og_description":"Offrez-vous une parenth\u00e8se de d\u00e9tente et de ressourcement au c\u0153ur des magnifiques Gorges du Verdon. Pendant 4 jours, profitez d\u2019un [&hellip;]","og_url":"https:\/\/site25.monsitecommeunpro.fr\/?page_id=157","article_modified_time":"2026-04-13T08:51:54+00:00","og_image":[{"width":259,"height":194,"url":"https:\/\/site25.monsitecommeunpro.fr\/wp-content\/uploads\/2026\/03\/IMG_0567.jpeg","type":"image\/jpeg"}],"twitter_card":"summary_large_image","twitter_misc":{"Dur\u00e9e de lecture estim\u00e9e":"2 minutes"},"schema":{"@context":"https:\/\/schema.org","@graph":[{"@type":"WebPage","@id":"https:\/\/site25.monsitecommeunpro.fr\/?page_id=157","url":"https:\/\/site25.monsitecommeunpro.fr\/?page_id=157","name":"S\u00e9jour aux Gorges -","isPartOf":{"@id":"https:\/\/site25.monsitecommeunpro.fr\/#website"},"primaryImageOfPage":{"@id":"https:\/\/site25.monsitecommeunpro.fr\/?page_id=157#primaryimage"},"image":{"@id":"https:\/\/site25.monsitecommeunpro.fr\/?page_id=157#primaryimage"},"thumbnailUrl":"https:\/\/site25.monsitecommeunpro.fr\/wp-content\/uploads\/2026\/03\/IMG_0567.jpeg","datePublished":"2026-03-23T12:18:05+00:00","dateModified":"2026-04-13T08:51:54+00:00","breadcrumb":{"@id":"https:\/\/site25.monsitecommeunpro.fr\/?page_id=157#breadcrumb"},"inLanguage":"fr-FR","potentialAction":[{"@type":"ReadAction","target":["https:\/\/site25.monsitecommeunpro.fr\/?page_id=157"]}]},{"@type":"ImageObject","inLanguage":"fr-FR","@id":"https:\/\/site25.monsitecommeunpro.fr\/?page_id=157#primaryimage","url":"https:\/\/site25.monsitecommeunpro.fr\/wp-content\/uploads\/2026\/03\/IMG_0567.jpeg","contentUrl":"https:\/\/site25.monsitecommeunpro.fr\/wp-content\/uploads\/2026\/03\/IMG_0567.jpeg","width":259,"height":194},{"@type":"BreadcrumbList","@id":"https:\/\/site25.monsitecommeunpro.fr\/?page_id=157#breadcrumb","itemListElement":[{"@type":"ListItem","position":1,"name":"Accueil","item":"https:\/\/site25.monsitecommeunpro.fr\/"},{"@type":"ListItem","position":2,"name":"S\u00e9jour aux Gorges"}]},{"@type":"WebSite","@id":"https:\/\/site25.monsitecommeunpro.fr\/#website","url":"https:\/\/site25.monsitecommeunpro.fr\/","name":"","description":"","potentialAction":[{"@type":"SearchAction","target":{"@type":"EntryPoint","urlTemplate":"https:\/\/site25.monsitecommeunpro.fr\/?s={search_term_string}"},"query-input":{"@type":"PropertyValueSpecification","valueRequired":true,"valueName":"search_term_string"}}],"inLanguage":"fr-FR"}]}},"uagb_featured_image_src":{"full":false,"thumbnail":false,"medium":false,"medium_large":false,"large":false,"1536x1536":false,"2048x2048":false},"uagb_author_info":{"display_name":"admin","author_link":"https:\/\/site25.monsitecommeunpro.fr\/?author=1"},"uagb_comment_info":0,"uagb_excerpt":"Offrez-vous une parenth\u00e8se de d\u00e9tente et de ressourcement au c\u0153ur des magnifiques Gorges du Verdon. Pendant 4 jours, profitez d\u2019un [&hellip;]","_links":{"self":[{"href":"https:\/\/site25.monsitecommeunpro.fr\/index.php?rest_route=\/wp\/v2\/pages\/157","targetHints":{"allow":["GET"]}}],"collection":[{"href":"https:\/\/site25.monsitecommeunpro.fr\/index.php?rest_route=\/wp\/v2\/pages"}],"about":[{"href":"https:\/\/site25.monsitecommeunpro.fr\/index.php?rest_route=\/wp\/v2\/types\/page"}],"author":[{"embeddable":true,"href":"https:\/\/site25.monsitecommeunpro.fr\/index.php?rest_route=\/wp\/v2\/users\/1"}],"replies":[{"embeddable":true,"href":"https:\/\/site25.monsitecommeunpro.fr\/index.php?rest_route=%2Fwp%2Fv2%2Fcomments&post=157"}],"version-history":[{"count":6,"href":"https:\/\/site25.monsitecommeunpro.fr\/index.php?rest_route=\/wp\/v2\/pages\/157\/revisions"}],"predecessor-version":[{"id":198,"href":"https:\/\/site25.monsitecommeunpro.fr\/index.php?rest_route=\/wp\/v2\/pages\/157\/revisions\/198"}],"wp:attachment":[{"href":"https:\/\/site25.monsitecommeunpro.fr\/index.php?rest_route=%2Fwp%2Fv2%2Fmedia&parent=157"}],"curies":[{"name":"wp","href":"https:\/\/api.w.org\/{rel}","templated":true}]}}