{"id":26,"date":"2026-03-02T09:16:40","date_gmt":"2026-03-02T08:16:40","guid":{"rendered":"https:\/\/site25.monsitecommeunpro.fr\/?page_id=26"},"modified":"2026-03-04T09:46:42","modified_gmt":"2026-03-04T08:46:42","slug":"nos-soins","status":"publish","type":"page","link":"https:\/\/site25.monsitecommeunpro.fr\/?page_id=26","title":{"rendered":"Nos soins"},"content":{"rendered":"\n<div class=\"wp-block-media-text is-stacked-on-mobile\" style=\"grid-template-columns:15% auto\"><figure class=\"wp-block-media-text__media\"><img loading=\"lazy\" decoding=\"async\" width=\"1024\" height=\"1024\" src=\"https:\/\/site25.monsitecommeunpro.fr\/wp-content\/uploads\/2026\/03\/Logo-skin-3-1024x1024.png\" alt=\"\" class=\"wp-image-99 size-full\" srcset=\"https:\/\/site25.monsitecommeunpro.fr\/wp-content\/uploads\/2026\/03\/Logo-skin-3-1024x1024.png 1024w, https:\/\/site25.monsitecommeunpro.fr\/wp-content\/uploads\/2026\/03\/Logo-skin-3-300x300.png 300w, https:\/\/site25.monsitecommeunpro.fr\/wp-content\/uploads\/2026\/03\/Logo-skin-3-150x150.png 150w, https:\/\/site25.monsitecommeunpro.fr\/wp-content\/uploads\/2026\/03\/Logo-skin-3-768x768.png 768w, https:\/\/site25.monsitecommeunpro.fr\/wp-content\/uploads\/2026\/03\/Logo-skin-3-1536x1536.png 1536w, https:\/\/site25.monsitecommeunpro.fr\/wp-content\/uploads\/2026\/03\/Logo-skin-3.png 2000w\" sizes=\"auto, (max-width: 1024px) 100vw, 1024px\" \/><\/figure><div class=\"wp-block-media-text__content\">\n<p><\/p>\n\n\n\n<p class=\"has-text-align-center\">D\u00e9couvrez nos soins du visage, adapt\u00e9s \u00e0 chaque type de peau, pour r\u00e9v\u00e9ler votre \u00e9clat naturel tout en vous offrant un moment de d\u00e9tente. <\/p>\n<\/div><\/div>\n\n\n\n<p>&#8211;<\/p>\n\n\n\n<div class=\"wp-block-media-text is-stacked-on-mobile\" style=\"grid-template-columns:15% auto\"><figure class=\"wp-block-media-text__media\"><img loading=\"lazy\" decoding=\"async\" width=\"683\" height=\"1024\" src=\"https:\/\/site25.monsitecommeunpro.fr\/wp-content\/uploads\/2026\/03\/IMG_0518-1-683x1024.jpeg\" alt=\"\" class=\"wp-image-103 size-full\" srcset=\"https:\/\/site25.monsitecommeunpro.fr\/wp-content\/uploads\/2026\/03\/IMG_0518-1-683x1024.jpeg 683w, https:\/\/site25.monsitecommeunpro.fr\/wp-content\/uploads\/2026\/03\/IMG_0518-1-200x300.jpeg 200w, https:\/\/site25.monsitecommeunpro.fr\/wp-content\/uploads\/2026\/03\/IMG_0518-1-768x1152.jpeg 768w, https:\/\/site25.monsitecommeunpro.fr\/wp-content\/uploads\/2026\/03\/IMG_0518-1.jpeg 1024w\" sizes=\"auto, (max-width: 683px) 100vw, 683px\" \/><\/figure><div class=\"wp-block-media-text__content\">\n<p>                      <strong>\ud83c\udf38 Soin Hydratant \u2013 60\u20ac<\/strong><\/p>\n\n\n\n<p>Hydrate en profondeur et redonne de l\u2019\u00e9clat \u00e0 la peau.<\/p>\n\n\n\n<p>Comprend : nettoyage doux, masque hydratant et massage relaxant.<\/p>\n<\/div><\/div>\n\n\n\n<p>&#8211;<\/p>\n\n\n\n<div class=\"wp-block-media-text is-stacked-on-mobile\" style=\"grid-template-columns:15% auto\"><figure class=\"wp-block-media-text__media\"><img loading=\"lazy\" decoding=\"async\" width=\"683\" height=\"1024\" src=\"https:\/\/site25.monsitecommeunpro.fr\/wp-content\/uploads\/2026\/03\/IMG_0519-683x1024.jpeg\" alt=\"\" class=\"wp-image-105 size-full\" srcset=\"https:\/\/site25.monsitecommeunpro.fr\/wp-content\/uploads\/2026\/03\/IMG_0519-683x1024.jpeg 683w, https:\/\/site25.monsitecommeunpro.fr\/wp-content\/uploads\/2026\/03\/IMG_0519-200x300.jpeg 200w, https:\/\/site25.monsitecommeunpro.fr\/wp-content\/uploads\/2026\/03\/IMG_0519-768x1152.jpeg 768w, https:\/\/site25.monsitecommeunpro.fr\/wp-content\/uploads\/2026\/03\/IMG_0519.jpeg 1000w\" sizes=\"auto, (max-width: 683px) 100vw, 683px\" \/><\/figure><div class=\"wp-block-media-text__content\">\n<p class=\"has-text-align-left\">             <strong>\ud83c\udf3f Soin Anti-Acn\u00e9 \u2013 55\u20ac<\/strong><\/p>\n\n\n\n<p>Purifie et \u00e9quilibre les peaux \u00e0 imperfections.<\/p>\n\n\n\n<p class=\"has-text-align-left\">Comprend : nettoyage, exfoliation douce et masque purifiant.<\/p>\n\n\n\n<p><\/p>\n<\/div><\/div>\n\n\n\n<p>&#8211;<\/p>\n\n\n\n<div class=\"wp-block-media-text is-stacked-on-mobile\" style=\"grid-template-columns:15% auto\"><figure class=\"wp-block-media-text__media\"><img loading=\"lazy\" decoding=\"async\" width=\"629\" height=\"1024\" src=\"https:\/\/site25.monsitecommeunpro.fr\/wp-content\/uploads\/2026\/03\/IMG_0520-629x1024.jpeg\" alt=\"\" class=\"wp-image-109 size-full\" srcset=\"https:\/\/site25.monsitecommeunpro.fr\/wp-content\/uploads\/2026\/03\/IMG_0520-629x1024.jpeg 629w, https:\/\/site25.monsitecommeunpro.fr\/wp-content\/uploads\/2026\/03\/IMG_0520-184x300.jpeg 184w, https:\/\/site25.monsitecommeunpro.fr\/wp-content\/uploads\/2026\/03\/IMG_0520-768x1250.jpeg 768w, https:\/\/site25.monsitecommeunpro.fr\/wp-content\/uploads\/2026\/03\/IMG_0520.jpeg 828w\" sizes=\"auto, (max-width: 629px) 100vw, 629px\" \/><\/figure><div class=\"wp-block-media-text__content\">\n<p>        <strong>\u2728 Soin \u00c9clat Vitamin\u00e9 \u2013 65\u20ac<\/strong><\/p>\n\n\n\n<p>Illumine le teint et revitalise la peau fatigu\u00e9e.<\/p>\n\n\n\n<p>Comprend : nettoyage, s\u00e9rum vitamin\u00e9 et massage du visage.<\/p>\n<\/div><\/div>\n\n\n\n<p>&#8211;<\/p>\n\n\n\n<div class=\"wp-block-media-text is-stacked-on-mobile\" style=\"grid-template-columns:15% auto\"><figure class=\"wp-block-media-text__media\"><img loading=\"lazy\" decoding=\"async\" width=\"683\" height=\"1024\" src=\"https:\/\/site25.monsitecommeunpro.fr\/wp-content\/uploads\/2026\/03\/IMG_0521-3-683x1024.jpeg\" alt=\"\" class=\"wp-image-115 size-full\" srcset=\"https:\/\/site25.monsitecommeunpro.fr\/wp-content\/uploads\/2026\/03\/IMG_0521-3-683x1024.jpeg 683w, https:\/\/site25.monsitecommeunpro.fr\/wp-content\/uploads\/2026\/03\/IMG_0521-3-200x300.jpeg 200w, https:\/\/site25.monsitecommeunpro.fr\/wp-content\/uploads\/2026\/03\/IMG_0521-3-768x1152.jpeg 768w, https:\/\/site25.monsitecommeunpro.fr\/wp-content\/uploads\/2026\/03\/IMG_0521-3.jpeg 1000w\" sizes=\"auto, (max-width: 683px) 100vw, 683px\" \/><\/figure><div class=\"wp-block-media-text__content\">\n<p>                <strong>\ud83d\udc96 Soin Relaxation \u2013 50\u20ac<\/strong><\/p>\n\n\n\n<p>Moment de d\u00e9tente pour la peau et l\u2019esprit.<\/p>\n\n\n\n<p>Comprend : nettoyage, massage doux et application de cr\u00e8me nourrissante.<\/p>\n<\/div><\/div>\n\n\n\n<p>&#8211;<\/p>\n\n\n\n<p class=\"has-text-align-center\"><strong>Nos produits sont disponibles \u00e0 la vente directement dans notre institut, pour que vous puissiez prolonger les bienfaits de nos soins chez vous.<\/strong><br><\/p>\n\n\n\n<p><\/p>\n","protected":false},"excerpt":{"rendered":"<p>D\u00e9couvrez nos soins du visage, adapt\u00e9s \u00e0 chaque type de peau, pour r\u00e9v\u00e9ler votre \u00e9clat naturel tout en vous offrant [&hellip;]<\/p>\n","protected":false},"author":1,"featured_media":0,"parent":0,"menu_order":0,"comment_status":"closed","ping_status":"closed","template":"","meta":{"_uag_custom_page_level_css":"","site-sidebar-layout":"default","site-content-layout":"","ast-site-content-layout":"default","site-content-style":"default","site-sidebar-style":"default","ast-global-header-display":"","ast-banner-title-visibility":"","ast-main-header-display":"","ast-hfb-above-header-display":"","ast-hfb-below-header-display":"","ast-hfb-mobile-header-display":"","site-post-title":"","ast-breadcrumbs-content":"","ast-featured-img":"","footer-sml-layout":"","theme-transparent-header-meta":"","adv-header-id-meta":"","stick-header-meta":"","header-above-stick-meta":"","header-main-stick-meta":"","header-below-stick-meta":"","astra-migrate-meta-layouts":"default","ast-page-background-enabled":"default","ast-page-background-meta":{"desktop":{"background-color":"var(--ast-global-color-5)","background-image":"","background-repeat":"repeat","background-position":"center center","background-size":"auto","background-attachment":"scroll","background-type":"","background-media":"","overlay-type":"","overlay-color":"","overlay-opacity":"","overlay-gradient":""},"tablet":{"background-color":"","background-image":"","background-repeat":"repeat","background-position":"center center","background-size":"auto","background-attachment":"scroll","background-type":"","background-media":"","overlay-type":"","overlay-color":"","overlay-opacity":"","overlay-gradient":""},"mobile":{"background-color":"","background-image":"","background-repeat":"repeat","background-position":"center center","background-size":"auto","background-attachment":"scroll","background-type":"","background-media":"","overlay-type":"","overlay-color":"","overlay-opacity":"","overlay-gradient":""}},"ast-content-background-meta":{"desktop":{"background-color":"var(--ast-global-color-4)","background-image":"","background-repeat":"repeat","background-position":"center center","background-size":"auto","background-attachment":"scroll","background-type":"","background-media":"","overlay-type":"","overlay-color":"","overlay-opacity":"","overlay-gradient":""},"tablet":{"background-color":"var(--ast-global-color-4)","background-image":"","background-repeat":"repeat","background-position":"center center","background-size":"auto","background-attachment":"scroll","background-type":"","background-media":"","overlay-type":"","overlay-color":"","overlay-opacity":"","overlay-gradient":""},"mobile":{"background-color":"var(--ast-global-color-4)","background-image":"","background-repeat":"repeat","background-position":"center center","background-size":"auto","background-attachment":"scroll","background-type":"","background-media":"","overlay-type":"","overlay-color":"","overlay-opacity":"","overlay-gradient":""}},"footnotes":""},"class_list":["post-26","page","type-page","status-publish","hentry"],"yoast_head":"<!-- This site is optimized with the Yoast SEO plugin v27.0 - https:\/\/yoast.com\/product\/yoast-seo-wordpress\/ -->\n<title>Nos soins -<\/title>\n<meta name=\"robots\" content=\"index, follow, max-snippet:-1, max-image-preview:large, max-video-preview:-1\" \/>\n<link rel=\"canonical\" href=\"https:\/\/site25.monsitecommeunpro.fr\/?page_id=26\" \/>\n<meta property=\"og:locale\" content=\"fr_FR\" \/>\n<meta property=\"og:type\" content=\"article\" \/>\n<meta property=\"og:title\" content=\"Nos soins -\" \/>\n<meta property=\"og:description\" content=\"D\u00e9couvrez nos soins du visage, adapt\u00e9s \u00e0 chaque type de peau, pour r\u00e9v\u00e9ler votre \u00e9clat naturel tout en vous offrant [&hellip;]\" \/>\n<meta property=\"og:url\" content=\"https:\/\/site25.monsitecommeunpro.fr\/?page_id=26\" \/>\n<meta property=\"article:modified_time\" content=\"2026-03-04T08:46:42+00:00\" \/>\n<meta property=\"og:image\" content=\"https:\/\/site25.monsitecommeunpro.fr\/wp-content\/uploads\/2026\/03\/Logo-skin-3.png\" \/>\n\t<meta property=\"og:image:width\" content=\"2000\" \/>\n\t<meta property=\"og:image:height\" content=\"2000\" \/>\n\t<meta property=\"og:image:type\" content=\"image\/png\" \/>\n<meta name=\"twitter:card\" content=\"summary_large_image\" \/>\n<meta name=\"twitter:label1\" content=\"Dur\u00e9e de lecture estim\u00e9e\" \/>\n\t<meta name=\"twitter:data1\" content=\"1 minute\" \/>\n<script type=\"application\/ld+json\" class=\"yoast-schema-graph\">{\"@context\":\"https:\/\/schema.org\",\"@graph\":[{\"@type\":\"WebPage\",\"@id\":\"https:\/\/site25.monsitecommeunpro.fr\/?page_id=26\",\"url\":\"https:\/\/site25.monsitecommeunpro.fr\/?page_id=26\",\"name\":\"Nos soins -\",\"isPartOf\":{\"@id\":\"https:\/\/site25.monsitecommeunpro.fr\/#website\"},\"primaryImageOfPage\":{\"@id\":\"https:\/\/site25.monsitecommeunpro.fr\/?page_id=26#primaryimage\"},\"image\":{\"@id\":\"https:\/\/site25.monsitecommeunpro.fr\/?page_id=26#primaryimage\"},\"thumbnailUrl\":\"https:\/\/site25.monsitecommeunpro.fr\/wp-content\/uploads\/2026\/03\/Logo-skin-3-1024x1024.png\",\"datePublished\":\"2026-03-02T08:16:40+00:00\",\"dateModified\":\"2026-03-04T08:46:42+00:00\",\"breadcrumb\":{\"@id\":\"https:\/\/site25.monsitecommeunpro.fr\/?page_id=26#breadcrumb\"},\"inLanguage\":\"fr-FR\",\"potentialAction\":[{\"@type\":\"ReadAction\",\"target\":[\"https:\/\/site25.monsitecommeunpro.fr\/?page_id=26\"]}]},{\"@type\":\"ImageObject\",\"inLanguage\":\"fr-FR\",\"@id\":\"https:\/\/site25.monsitecommeunpro.fr\/?page_id=26#primaryimage\",\"url\":\"https:\/\/site25.monsitecommeunpro.fr\/wp-content\/uploads\/2026\/03\/Logo-skin-3.png\",\"contentUrl\":\"https:\/\/site25.monsitecommeunpro.fr\/wp-content\/uploads\/2026\/03\/Logo-skin-3.png\",\"width\":2000,\"height\":2000},{\"@type\":\"BreadcrumbList\",\"@id\":\"https:\/\/site25.monsitecommeunpro.fr\/?page_id=26#breadcrumb\",\"itemListElement\":[{\"@type\":\"ListItem\",\"position\":1,\"name\":\"Accueil\",\"item\":\"https:\/\/site25.monsitecommeunpro.fr\/\"},{\"@type\":\"ListItem\",\"position\":2,\"name\":\"Nos soins\"}]},{\"@type\":\"WebSite\",\"@id\":\"https:\/\/site25.monsitecommeunpro.fr\/#website\",\"url\":\"https:\/\/site25.monsitecommeunpro.fr\/\",\"name\":\"\",\"description\":\"\",\"potentialAction\":[{\"@type\":\"SearchAction\",\"target\":{\"@type\":\"EntryPoint\",\"urlTemplate\":\"https:\/\/site25.monsitecommeunpro.fr\/?s={search_term_string}\"},\"query-input\":{\"@type\":\"PropertyValueSpecification\",\"valueRequired\":true,\"valueName\":\"search_term_string\"}}],\"inLanguage\":\"fr-FR\"}]}<\/script>\n<!-- \/ Yoast SEO plugin. -->","yoast_head_json":{"title":"Nos soins -","robots":{"index":"index","follow":"follow","max-snippet":"max-snippet:-1","max-image-preview":"max-image-preview:large","max-video-preview":"max-video-preview:-1"},"canonical":"https:\/\/site25.monsitecommeunpro.fr\/?page_id=26","og_locale":"fr_FR","og_type":"article","og_title":"Nos soins -","og_description":"D\u00e9couvrez nos soins du visage, adapt\u00e9s \u00e0 chaque type de peau, pour r\u00e9v\u00e9ler votre \u00e9clat naturel tout en vous offrant [&hellip;]","og_url":"https:\/\/site25.monsitecommeunpro.fr\/?page_id=26","article_modified_time":"2026-03-04T08:46:42+00:00","og_image":[{"width":2000,"height":2000,"url":"https:\/\/site25.monsitecommeunpro.fr\/wp-content\/uploads\/2026\/03\/Logo-skin-3.png","type":"image\/png"}],"twitter_card":"summary_large_image","twitter_misc":{"Dur\u00e9e de lecture estim\u00e9e":"1 minute"},"schema":{"@context":"https:\/\/schema.org","@graph":[{"@type":"WebPage","@id":"https:\/\/site25.monsitecommeunpro.fr\/?page_id=26","url":"https:\/\/site25.monsitecommeunpro.fr\/?page_id=26","name":"Nos soins -","isPartOf":{"@id":"https:\/\/site25.monsitecommeunpro.fr\/#website"},"primaryImageOfPage":{"@id":"https:\/\/site25.monsitecommeunpro.fr\/?page_id=26#primaryimage"},"image":{"@id":"https:\/\/site25.monsitecommeunpro.fr\/?page_id=26#primaryimage"},"thumbnailUrl":"https:\/\/site25.monsitecommeunpro.fr\/wp-content\/uploads\/2026\/03\/Logo-skin-3-1024x1024.png","datePublished":"2026-03-02T08:16:40+00:00","dateModified":"2026-03-04T08:46:42+00:00","breadcrumb":{"@id":"https:\/\/site25.monsitecommeunpro.fr\/?page_id=26#breadcrumb"},"inLanguage":"fr-FR","potentialAction":[{"@type":"ReadAction","target":["https:\/\/site25.monsitecommeunpro.fr\/?page_id=26"]}]},{"@type":"ImageObject","inLanguage":"fr-FR","@id":"https:\/\/site25.monsitecommeunpro.fr\/?page_id=26#primaryimage","url":"https:\/\/site25.monsitecommeunpro.fr\/wp-content\/uploads\/2026\/03\/Logo-skin-3.png","contentUrl":"https:\/\/site25.monsitecommeunpro.fr\/wp-content\/uploads\/2026\/03\/Logo-skin-3.png","width":2000,"height":2000},{"@type":"BreadcrumbList","@id":"https:\/\/site25.monsitecommeunpro.fr\/?page_id=26#breadcrumb","itemListElement":[{"@type":"ListItem","position":1,"name":"Accueil","item":"https:\/\/site25.monsitecommeunpro.fr\/"},{"@type":"ListItem","position":2,"name":"Nos soins"}]},{"@type":"WebSite","@id":"https:\/\/site25.monsitecommeunpro.fr\/#website","url":"https:\/\/site25.monsitecommeunpro.fr\/","name":"","description":"","potentialAction":[{"@type":"SearchAction","target":{"@type":"EntryPoint","urlTemplate":"https:\/\/site25.monsitecommeunpro.fr\/?s={search_term_string}"},"query-input":{"@type":"PropertyValueSpecification","valueRequired":true,"valueName":"search_term_string"}}],"inLanguage":"fr-FR"}]}},"uagb_featured_image_src":{"full":false,"thumbnail":false,"medium":false,"medium_large":false,"large":false,"1536x1536":false,"2048x2048":false},"uagb_author_info":{"display_name":"admin","author_link":"https:\/\/site25.monsitecommeunpro.fr\/?author=1"},"uagb_comment_info":0,"uagb_excerpt":"D\u00e9couvrez nos soins du visage, adapt\u00e9s \u00e0 chaque type de peau, pour r\u00e9v\u00e9ler votre \u00e9clat naturel tout en vous offrant [&hellip;]","_links":{"self":[{"href":"https:\/\/site25.monsitecommeunpro.fr\/index.php?rest_route=\/wp\/v2\/pages\/26","targetHints":{"allow":["GET"]}}],"collection":[{"href":"https:\/\/site25.monsitecommeunpro.fr\/index.php?rest_route=\/wp\/v2\/pages"}],"about":[{"href":"https:\/\/site25.monsitecommeunpro.fr\/index.php?rest_route=\/wp\/v2\/types\/page"}],"author":[{"embeddable":true,"href":"https:\/\/site25.monsitecommeunpro.fr\/index.php?rest_route=\/wp\/v2\/users\/1"}],"replies":[{"embeddable":true,"href":"https:\/\/site25.monsitecommeunpro.fr\/index.php?rest_route=%2Fwp%2Fv2%2Fcomments&post=26"}],"version-history":[{"count":8,"href":"https:\/\/site25.monsitecommeunpro.fr\/index.php?rest_route=\/wp\/v2\/pages\/26\/revisions"}],"predecessor-version":[{"id":118,"href":"https:\/\/site25.monsitecommeunpro.fr\/index.php?rest_route=\/wp\/v2\/pages\/26\/revisions\/118"}],"wp:attachment":[{"href":"https:\/\/site25.monsitecommeunpro.fr\/index.php?rest_route=%2Fwp%2Fv2%2Fmedia&parent=26"}],"curies":[{"name":"wp","href":"https:\/\/api.w.org\/{rel}","templated":true}]}}