{"id":31,"date":"2026-03-02T09:17:36","date_gmt":"2026-03-02T08:17:36","guid":{"rendered":"https:\/\/site25.monsitecommeunpro.fr\/?page_id=31"},"modified":"2026-03-10T09:27:19","modified_gmt":"2026-03-10T08:27:19","slug":"contact","status":"publish","type":"page","link":"https:\/\/site25.monsitecommeunpro.fr\/?page_id=31","title":{"rendered":"Contact"},"content":{"rendered":"\n<figure class=\"wp-block-image alignright size-large is-resized\"><a href=\"https:\/\/www.google.com\/maps\/place\/Plage+Mac%C3%A9\/@43.5502939,7.0200918,533m\/data=!3m1!1e3!4m6!3m5!1s0x12ce8191370d2289:0xb6a7715063d71df9!8m2!3d43.5504112!4d7.0219445!16s%252Fg%252F11cmt7b8zw?entry=ttu&amp;g_ep=EgoyMDI2MDMwNS4wIKXMDSoASAFQAw%3D%3D\" target=\"_blank\" rel=\" noreferrer noopener\"><img loading=\"lazy\" decoding=\"async\" width=\"1024\" height=\"770\" src=\"https:\/\/site25.monsitecommeunpro.fr\/wp-content\/uploads\/2026\/03\/IMG_0533-1024x770.jpeg\" alt=\"\" class=\"wp-image-144\" style=\"aspect-ratio:1.329905163329821;width:347px;height:auto\" srcset=\"https:\/\/site25.monsitecommeunpro.fr\/wp-content\/uploads\/2026\/03\/IMG_0533-1024x770.jpeg 1024w, https:\/\/site25.monsitecommeunpro.fr\/wp-content\/uploads\/2026\/03\/IMG_0533-300x226.jpeg 300w, https:\/\/site25.monsitecommeunpro.fr\/wp-content\/uploads\/2026\/03\/IMG_0533-768x577.jpeg 768w, https:\/\/site25.monsitecommeunpro.fr\/wp-content\/uploads\/2026\/03\/IMG_0533.jpeg 1229w\" sizes=\"auto, (max-width: 1024px) 100vw, 1024px\" \/><\/a><\/figure>\n\n\n\n<p>Vous souhaitez prendre rendez-vous ou obtenir plus d\u2019informations sur nos soins ? <\/p>\n\n\n\n<p>N\u2019h\u00e9sitez pas \u00e0 nous contacter. Notre \u00e9quipe sera ravie de vous r\u00e9pondre.<\/p>\n\n\n\n<p>\ud83d\udccd Adresse : Plage Mac\u00e9, Bd de la Croisette, 06400 Cannes.<\/p>\n\n\n\n<p>\ud83d\udcde T\u00e9l\u00e9phone : 06 00 00 00 00<\/p>\n\n\n\n<p>\ud83d\udce7 Email : contact@dedennskinstudio.fr<\/p>\n\n\n\n<p>Vous pouvez \u00e9galement nous \u00e9crire via notre formulaire de contact sur le site.<\/p>\n\n\n\n<div class=\"wp-block-uagb-forms uagb-forms__outer-wrap uagb-block-0980c755 uagb-forms__medium-btn\"><form class=\"uagb-forms-main-form\" method=\"post\" autocomplete=\"on\" name=\"uagb-form-0980c755\">\n<div class=\"wp-block-uagb-forms-name uagb-forms-name-wrap uagb-forms-field-set uagb-block-705bc3f4\"><div class=\"uagb-forms-name-label required uagb-forms-input-label\" id=\"705bc3f4\">Pr\u00e9nom<\/div><input type=\"text\" placeholder=\"John\" required class=\"uagb-forms-name-input uagb-forms-input\" name=\"705bc3f4\" autocomplete=\"given-name\"\/><\/div>\n\n\n\n<div class=\"wp-block-uagb-forms-name uagb-forms-name-wrap uagb-forms-field-set uagb-block-587f8c1b\"><div class=\"uagb-forms-name-label required uagb-forms-input-label\" id=\"587f8c1b\">Nom<\/div><input type=\"text\" placeholder=\"Doe\" required class=\"uagb-forms-name-input uagb-forms-input\" name=\"587f8c1b\" autocomplete=\"family-name\"\/><\/div>\n\n\n\n<div class=\"wp-block-uagb-forms-email uagb-forms-email-wrap uagb-forms-field-set uagb-block-e9fc6b19\"><div class=\"uagb-forms-email-label  uagb-forms-input-label\" id=\"e9fc6b19\">Email<\/div><input type=\"email\" class=\"uagb-forms-email-input uagb-forms-input\" placeholder=\"example@mail.com\" name=\"e9fc6b19\" autocomplete=\"email\"\/><\/div>\n\n\n\n<div class=\"wp-block-uagb-forms-textarea uagb-forms-textarea-wrap uagb-forms-field-set uagb-block-497bc296\"><div class=\"uagb-forms-textarea-label required uagb-forms-input-label\" id=\"497bc296\">Message<\/div><textarea required class=\"uagb-forms-textarea-input uagb-forms-input\" rows=\"4\" placeholder=\"Enter your message\" name=\"497bc296\" autocomplete=\"off\"><\/textarea><\/div>\n<div class=\"uagb-forms-form-hidden-data\"><input type=\"hidden\" class=\"uagb_forms_form_label\" value=\"Spectra Form\"\/><input type=\"hidden\" class=\"uagb_forms_form_id\" value=\"uagb-form-0980c755\"\/><\/div><div class=\"uagb-form-reacaptcha-error-0980c755\"><\/div><div class=\"uagb-forms-main-submit-button-wrap wp-block-button\"><button class=\"uagb-forms-main-submit-button wp-block-button__link\"><div class=\"uagb-forms-main-submit-button-text\">Submit<\/div><\/button><\/div><\/form><div class=\"uagb-forms-success-message-0980c755 uagb-forms-submit-message-hide\"><span>The form has been submitted successfully!<\/span><\/div><div class=\"uagb-forms-failed-message-0980c755 uagb-forms-submit-message-hide\"><span>There has been some error while submitting the form. Please verify all form fields again.<\/span><\/div><\/div>\n","protected":false},"excerpt":{"rendered":"<p>Vous souhaitez prendre rendez-vous ou obtenir plus d\u2019informations sur nos soins ? N\u2019h\u00e9sitez pas \u00e0 nous contacter. Notre \u00e9quipe sera [&hellip;]<\/p>\n","protected":false},"author":1,"featured_media":0,"parent":0,"menu_order":0,"comment_status":"closed","ping_status":"closed","template":"","meta":{"_uag_custom_page_level_css":"","site-sidebar-layout":"default","site-content-layout":"","ast-site-content-layout":"default","site-content-style":"default","site-sidebar-style":"default","ast-global-header-display":"","ast-banner-title-visibility":"","ast-main-header-display":"","ast-hfb-above-header-display":"","ast-hfb-below-header-display":"","ast-hfb-mobile-header-display":"","site-post-title":"","ast-breadcrumbs-content":"","ast-featured-img":"","footer-sml-layout":"","theme-transparent-header-meta":"","adv-header-id-meta":"","stick-header-meta":"","header-above-stick-meta":"","header-main-stick-meta":"","header-below-stick-meta":"","astra-migrate-meta-layouts":"default","ast-page-background-enabled":"default","ast-page-background-meta":{"desktop":{"background-color":"var(--ast-global-color-5)","background-image":"","background-repeat":"repeat","background-position":"center center","background-size":"auto","background-attachment":"scroll","background-type":"","background-media":"","overlay-type":"","overlay-color":"","overlay-opacity":"","overlay-gradient":""},"tablet":{"background-color":"","background-image":"","background-repeat":"repeat","background-position":"center center","background-size":"auto","background-attachment":"scroll","background-type":"","background-media":"","overlay-type":"","overlay-color":"","overlay-opacity":"","overlay-gradient":""},"mobile":{"background-color":"","background-image":"","background-repeat":"repeat","background-position":"center center","background-size":"auto","background-attachment":"scroll","background-type":"","background-media":"","overlay-type":"","overlay-color":"","overlay-opacity":"","overlay-gradient":""}},"ast-content-background-meta":{"desktop":{"background-color":"var(--ast-global-color-4)","background-image":"","background-repeat":"repeat","background-position":"center center","background-size":"auto","background-attachment":"scroll","background-type":"","background-media":"","overlay-type":"","overlay-color":"","overlay-opacity":"","overlay-gradient":""},"tablet":{"background-color":"var(--ast-global-color-4)","background-image":"","background-repeat":"repeat","background-position":"center center","background-size":"auto","background-attachment":"scroll","background-type":"","background-media":"","overlay-type":"","overlay-color":"","overlay-opacity":"","overlay-gradient":""},"mobile":{"background-color":"var(--ast-global-color-4)","background-image":"","background-repeat":"repeat","background-position":"center center","background-size":"auto","background-attachment":"scroll","background-type":"","background-media":"","overlay-type":"","overlay-color":"","overlay-opacity":"","overlay-gradient":""}},"footnotes":""},"class_list":["post-31","page","type-page","status-publish","hentry"],"yoast_head":"<!-- This site is optimized with the Yoast SEO plugin v27.0 - https:\/\/yoast.com\/product\/yoast-seo-wordpress\/ -->\n<title>Contact -<\/title>\n<meta name=\"robots\" content=\"index, follow, max-snippet:-1, max-image-preview:large, max-video-preview:-1\" \/>\n<link rel=\"canonical\" href=\"https:\/\/site25.monsitecommeunpro.fr\/?page_id=31\" \/>\n<meta property=\"og:locale\" content=\"fr_FR\" \/>\n<meta property=\"og:type\" content=\"article\" \/>\n<meta property=\"og:title\" content=\"Contact -\" \/>\n<meta property=\"og:description\" content=\"Vous souhaitez prendre rendez-vous ou obtenir plus d\u2019informations sur nos soins ? N\u2019h\u00e9sitez pas \u00e0 nous contacter. Notre \u00e9quipe sera [&hellip;]\" \/>\n<meta property=\"og:url\" content=\"https:\/\/site25.monsitecommeunpro.fr\/?page_id=31\" \/>\n<meta property=\"article:modified_time\" content=\"2026-03-10T08:27:19+00:00\" \/>\n<meta property=\"og:image\" content=\"https:\/\/site25.monsitecommeunpro.fr\/wp-content\/uploads\/2026\/03\/IMG_0533.jpeg\" \/>\n\t<meta property=\"og:image:width\" content=\"1229\" \/>\n\t<meta property=\"og:image:height\" content=\"924\" \/>\n\t<meta property=\"og:image:type\" content=\"image\/jpeg\" \/>\n<meta name=\"twitter:card\" content=\"summary_large_image\" \/>\n<script type=\"application\/ld+json\" class=\"yoast-schema-graph\">{\"@context\":\"https:\/\/schema.org\",\"@graph\":[{\"@type\":\"WebPage\",\"@id\":\"https:\/\/site25.monsitecommeunpro.fr\/?page_id=31\",\"url\":\"https:\/\/site25.monsitecommeunpro.fr\/?page_id=31\",\"name\":\"Contact -\",\"isPartOf\":{\"@id\":\"https:\/\/site25.monsitecommeunpro.fr\/#website\"},\"primaryImageOfPage\":{\"@id\":\"https:\/\/site25.monsitecommeunpro.fr\/?page_id=31#primaryimage\"},\"image\":{\"@id\":\"https:\/\/site25.monsitecommeunpro.fr\/?page_id=31#primaryimage\"},\"thumbnailUrl\":\"https:\/\/site25.monsitecommeunpro.fr\/wp-content\/uploads\/2026\/03\/IMG_0533-1024x770.jpeg\",\"datePublished\":\"2026-03-02T08:17:36+00:00\",\"dateModified\":\"2026-03-10T08:27:19+00:00\",\"breadcrumb\":{\"@id\":\"https:\/\/site25.monsitecommeunpro.fr\/?page_id=31#breadcrumb\"},\"inLanguage\":\"fr-FR\",\"potentialAction\":[{\"@type\":\"ReadAction\",\"target\":[\"https:\/\/site25.monsitecommeunpro.fr\/?page_id=31\"]}]},{\"@type\":\"ImageObject\",\"inLanguage\":\"fr-FR\",\"@id\":\"https:\/\/site25.monsitecommeunpro.fr\/?page_id=31#primaryimage\",\"url\":\"https:\/\/site25.monsitecommeunpro.fr\/wp-content\/uploads\/2026\/03\/IMG_0533.jpeg\",\"contentUrl\":\"https:\/\/site25.monsitecommeunpro.fr\/wp-content\/uploads\/2026\/03\/IMG_0533.jpeg\",\"width\":1229,\"height\":924,\"caption\":\"Screenshot\"},{\"@type\":\"BreadcrumbList\",\"@id\":\"https:\/\/site25.monsitecommeunpro.fr\/?page_id=31#breadcrumb\",\"itemListElement\":[{\"@type\":\"ListItem\",\"position\":1,\"name\":\"Accueil\",\"item\":\"https:\/\/site25.monsitecommeunpro.fr\/\"},{\"@type\":\"ListItem\",\"position\":2,\"name\":\"Contact\"}]},{\"@type\":\"WebSite\",\"@id\":\"https:\/\/site25.monsitecommeunpro.fr\/#website\",\"url\":\"https:\/\/site25.monsitecommeunpro.fr\/\",\"name\":\"\",\"description\":\"\",\"potentialAction\":[{\"@type\":\"SearchAction\",\"target\":{\"@type\":\"EntryPoint\",\"urlTemplate\":\"https:\/\/site25.monsitecommeunpro.fr\/?s={search_term_string}\"},\"query-input\":{\"@type\":\"PropertyValueSpecification\",\"valueRequired\":true,\"valueName\":\"search_term_string\"}}],\"inLanguage\":\"fr-FR\"}]}<\/script>\n<!-- \/ Yoast SEO plugin. -->","yoast_head_json":{"title":"Contact -","robots":{"index":"index","follow":"follow","max-snippet":"max-snippet:-1","max-image-preview":"max-image-preview:large","max-video-preview":"max-video-preview:-1"},"canonical":"https:\/\/site25.monsitecommeunpro.fr\/?page_id=31","og_locale":"fr_FR","og_type":"article","og_title":"Contact -","og_description":"Vous souhaitez prendre rendez-vous ou obtenir plus d\u2019informations sur nos soins ? N\u2019h\u00e9sitez pas \u00e0 nous contacter. Notre \u00e9quipe sera [&hellip;]","og_url":"https:\/\/site25.monsitecommeunpro.fr\/?page_id=31","article_modified_time":"2026-03-10T08:27:19+00:00","og_image":[{"width":1229,"height":924,"url":"https:\/\/site25.monsitecommeunpro.fr\/wp-content\/uploads\/2026\/03\/IMG_0533.jpeg","type":"image\/jpeg"}],"twitter_card":"summary_large_image","schema":{"@context":"https:\/\/schema.org","@graph":[{"@type":"WebPage","@id":"https:\/\/site25.monsitecommeunpro.fr\/?page_id=31","url":"https:\/\/site25.monsitecommeunpro.fr\/?page_id=31","name":"Contact -","isPartOf":{"@id":"https:\/\/site25.monsitecommeunpro.fr\/#website"},"primaryImageOfPage":{"@id":"https:\/\/site25.monsitecommeunpro.fr\/?page_id=31#primaryimage"},"image":{"@id":"https:\/\/site25.monsitecommeunpro.fr\/?page_id=31#primaryimage"},"thumbnailUrl":"https:\/\/site25.monsitecommeunpro.fr\/wp-content\/uploads\/2026\/03\/IMG_0533-1024x770.jpeg","datePublished":"2026-03-02T08:17:36+00:00","dateModified":"2026-03-10T08:27:19+00:00","breadcrumb":{"@id":"https:\/\/site25.monsitecommeunpro.fr\/?page_id=31#breadcrumb"},"inLanguage":"fr-FR","potentialAction":[{"@type":"ReadAction","target":["https:\/\/site25.monsitecommeunpro.fr\/?page_id=31"]}]},{"@type":"ImageObject","inLanguage":"fr-FR","@id":"https:\/\/site25.monsitecommeunpro.fr\/?page_id=31#primaryimage","url":"https:\/\/site25.monsitecommeunpro.fr\/wp-content\/uploads\/2026\/03\/IMG_0533.jpeg","contentUrl":"https:\/\/site25.monsitecommeunpro.fr\/wp-content\/uploads\/2026\/03\/IMG_0533.jpeg","width":1229,"height":924,"caption":"Screenshot"},{"@type":"BreadcrumbList","@id":"https:\/\/site25.monsitecommeunpro.fr\/?page_id=31#breadcrumb","itemListElement":[{"@type":"ListItem","position":1,"name":"Accueil","item":"https:\/\/site25.monsitecommeunpro.fr\/"},{"@type":"ListItem","position":2,"name":"Contact"}]},{"@type":"WebSite","@id":"https:\/\/site25.monsitecommeunpro.fr\/#website","url":"https:\/\/site25.monsitecommeunpro.fr\/","name":"","description":"","potentialAction":[{"@type":"SearchAction","target":{"@type":"EntryPoint","urlTemplate":"https:\/\/site25.monsitecommeunpro.fr\/?s={search_term_string}"},"query-input":{"@type":"PropertyValueSpecification","valueRequired":true,"valueName":"search_term_string"}}],"inLanguage":"fr-FR"}]}},"uagb_featured_image_src":{"full":false,"thumbnail":false,"medium":false,"medium_large":false,"large":false,"1536x1536":false,"2048x2048":false},"uagb_author_info":{"display_name":"admin","author_link":"https:\/\/site25.monsitecommeunpro.fr\/?author=1"},"uagb_comment_info":0,"uagb_excerpt":"Vous souhaitez prendre rendez-vous ou obtenir plus d\u2019informations sur nos soins ? N\u2019h\u00e9sitez pas \u00e0 nous contacter. Notre \u00e9quipe sera [&hellip;]","_links":{"self":[{"href":"https:\/\/site25.monsitecommeunpro.fr\/index.php?rest_route=\/wp\/v2\/pages\/31","targetHints":{"allow":["GET"]}}],"collection":[{"href":"https:\/\/site25.monsitecommeunpro.fr\/index.php?rest_route=\/wp\/v2\/pages"}],"about":[{"href":"https:\/\/site25.monsitecommeunpro.fr\/index.php?rest_route=\/wp\/v2\/types\/page"}],"author":[{"embeddable":true,"href":"https:\/\/site25.monsitecommeunpro.fr\/index.php?rest_route=\/wp\/v2\/users\/1"}],"replies":[{"embeddable":true,"href":"https:\/\/site25.monsitecommeunpro.fr\/index.php?rest_route=%2Fwp%2Fv2%2Fcomments&post=31"}],"version-history":[{"count":5,"href":"https:\/\/site25.monsitecommeunpro.fr\/index.php?rest_route=\/wp\/v2\/pages\/31\/revisions"}],"predecessor-version":[{"id":147,"href":"https:\/\/site25.monsitecommeunpro.fr\/index.php?rest_route=\/wp\/v2\/pages\/31\/revisions\/147"}],"wp:attachment":[{"href":"https:\/\/site25.monsitecommeunpro.fr\/index.php?rest_route=%2Fwp%2Fv2%2Fmedia&parent=31"}],"curies":[{"name":"wp","href":"https:\/\/api.w.org\/{rel}","templated":true}]}}